{"id":138,"date":"2015-12-30T18:57:02","date_gmt":"2015-12-30T18:57:02","guid":{"rendered":"http:\/\/xyzhome.space\/bobethomas\/?page_id=138"},"modified":"2022-06-30T13:50:41","modified_gmt":"2022-06-30T13:50:41","slug":"lebenslauf-cv","status":"publish","type":"page","link":"https:\/\/bobethomas.com\/?page_id=138","title":{"rendered":"Lebenslauf"},"content":{"rendered":"<p><strong style=\"font-size: 22px;\">Choreograf &#8211; Choreographer<a href=\"https:\/\/i0.wp.com\/hostme123.vip\/Bobethomas\/wp-content\/uploads\/2015\/12\/Final-dance-pose-new-halfpage-darker-DSC02291.jpg?ssl=1\"><img data-recalc-dims=\"1\" loading=\"lazy\" decoding=\"async\" class=\"size-medium wp-image-172 alignright\" src=\"https:\/\/i0.wp.com\/hostme123.vip\/Bobethomas\/wp-content\/uploads\/2015\/12\/Final-dance-pose-new-halfpage-darker-DSC02291-300x150.jpg?resize=300%2C150&#038;ssl=1\" alt=\"\" width=\"300\" height=\"150\" srcset=\"https:\/\/i0.wp.com\/bobethomas.com\/wp-content\/uploads\/2015\/12\/Final-dance-pose-new-halfpage-darker-DSC02291.jpg?resize=300%2C150&amp;ssl=1 300w, https:\/\/i0.wp.com\/bobethomas.com\/wp-content\/uploads\/2015\/12\/Final-dance-pose-new-halfpage-darker-DSC02291.jpg?resize=1024%2C511&amp;ssl=1 1024w, https:\/\/i0.wp.com\/bobethomas.com\/wp-content\/uploads\/2015\/12\/Final-dance-pose-new-halfpage-darker-DSC02291.jpg?resize=768%2C383&amp;ssl=1 768w, https:\/\/i0.wp.com\/bobethomas.com\/wp-content\/uploads\/2015\/12\/Final-dance-pose-new-halfpage-darker-DSC02291.jpg?resize=1536%2C767&amp;ssl=1 1536w, https:\/\/i0.wp.com\/bobethomas.com\/wp-content\/uploads\/2015\/12\/Final-dance-pose-new-halfpage-darker-DSC02291.jpg?w=2048&amp;ssl=1 2048w\" sizes=\"(max-width: 300px) 100vw, 300px\" \/><\/a><\/strong><\/p>\n<p><span id=\"inserted1184\"><\/span><strong><span id=\"inserted7941\"><span id=\"inserted1184\"><\/span><\/span><span id=\"inserted9747\"><span id=\"inserted7941\"><span id=\"inserted1184\"><\/span><\/span><\/span><span id=\"inserted3239\"><span id=\"inserted9747\"><span id=\"inserted7941\"><span id=\"inserted1184\" style=\"font-size: 16px;\">Musical Theater &#8211; Komplettchoreographie des Musicals<\/span><\/span><\/span><\/span><br \/>\n<\/strong><\/p>\n<ul>\n<li><strong>&#8220;Anything Goes&#8221; &#8211; alle Tanzst\u00fccke &#8211;\u00a0 Boston College, Boston USA <\/strong><\/li>\n<li><strong>&#8220;On Your Toes&#8221; &#8211; alle Tanzst\u00fccke &#8211; Dean College, Boston USA<\/strong><\/li>\n<\/ul>\n<p><span id=\"inserted5143\"><br \/>\n<\/span><span id=\"inserted2329\" style=\"font-size: 16px;\"><span id=\"inserted5143\"><strong>St\u00fccke f\u00fcr gro\u00dfe Ensembles und Einzelchoreographien<\/strong><\/span> <\/span><\/p>\n<ul>\n<li><strong>&#8220;Fantasie an die Freude&#8221; &#8211; Jahreskonzert Finale f\u00fcr 200 T\u00e4nzer, Komponist und Choreograph &#8211; Ballettschule Witte, Bad Oeynhausen.<\/strong><\/li>\n<li><strong>&#8220;Claras Dream: A Jazz Nutcracker&#8221; &#8211; Act I Finale, Solos &#8211; New England, NYC Tours<\/strong><\/li>\n<li><strong>&#8220;Music Hall Follies in 9 Acts&#8221; Variet\u00e9 &#8211; Company, Solos &#8211; New England, USA<\/strong><\/li>\n<li><strong>Boston Pops Orchestra; Houston Symphony; San Antonio Symphony; New Mexico Symphony; Jacksonville Symphony &#8211; Solos<\/strong><\/li>\n<li><strong>Artie Shaw Big Band Orchestra (Asia Tour) &#8211; St\u00fccke f\u00fcr 4 T\u00e4nzer<\/strong><\/li>\n<\/ul>\n<p>&nbsp;<\/p>\n<p><strong style=\"font-size: 22px;\">Tanzlehrer<\/strong><\/p>\n<ul>\n<li><strong>Ballettschule Iris Witte.<\/strong> Workshops in Stepptanz und Body Percussion f\u00fcr Erwachsene und Jugendliche. Bad Oeynhausen, 2014-jetzt.<\/li>\n<li><strong>Tanzp\u00e4dagogik Ausbildungsprogramm, Erg\u00e4nzungsschule f\u00fcr berufliche Bildung <\/strong>&#8211; Tanzgeschichte und Musikanalyse Lehrer. Bielefeld. 2010-2017.<\/li>\n<li><strong>Dance Center Bielefeld. <\/strong>Choreographie mit dem Schwerpunkt auf Lindy-Swing und traditionellem Amerikanischem Jazz. 2007-2010.<\/li>\n<li><strong>Neumann Sport &amp; Ballett<\/strong> &#8211; Workshops mit Jazz Stepptanz Improvisation, Body Percussion, Lindy-Swing, und traditionellem Amerikanischem Jazz. 2010-jetzt.<\/li>\n<li><strong>Die Tanzerei. <\/strong>Workshops mit dem Schwerpunkt auf Lindy-Swing und traditionellem Amerikanischem Jazz. F\u00fcrth, Deutschland. 2004-2007.<\/li>\n<li><strong>Dean College, Faculty\/Dozent.<\/strong> Stepptanz Technik und Improvisation, Musical Theater, Amerikanische Tanzgeschichte. BA Tanzprogramm, USA. 2001-2008.<\/li>\n<li><strong>Roger Williams University, Faculty\/Dozent.<\/strong> Stepptanz Technik und Improvisation, traditioneller Amerikanischer Jazz. BA Tanzprogramm, USA. 1994-1999.<\/li>\n<li><strong>Decidedly Jazz Danceworks<\/strong> &#8211; professional dance company, Choreographie mit dem Schwerpunkt auf traditionellem Amerikanischem Jazz. Calgary, Canada. 2005.<\/li>\n<li><strong>Harvard University<\/strong>, j\u00e4hrlicher Gastredner: Amerikanische Tanzgeschichte 1850-1960. Cambridge, MA USA. 1992 &amp; 1993.<\/li>\n<li><strong>Kennedy Center Theater Festival<\/strong>. Workshop mit dem Schwerpunkt auf Theorie und Praxis Physical Comedy. Providence, RI USA. 2004.<\/li>\n<li><strong>Big Apple Circus<\/strong><strong>. Workshop <\/strong>mit dem Schwerpunkt auf<strong> Theorie und Praxis Physical Comedy, for national leaders of hospital clown units across the USA. New York City, NY USA. 2005.<\/strong><\/li>\n<li><strong>Portsmouth Percussive Dance Festival<\/strong>: Lindy-Swing und traditioneller Amerikanischer Tanz. Portsmouth, NH. 2001-2007<\/li>\n<li><strong>American College Dance Festival<\/strong> (ACDF New England): Lindy-Swing und traditioneller Amerikanischer Jazztanz, 1998 &amp; 2002.<\/li>\n<\/ul>\n<p>&nbsp;<\/p>\n<p><strong><span style=\"font-family: Arial,Helvetica,sans-serif;\"><span id=\"inserted2415\" style=\"font-size: 26px;\"><span id=\"inserted2569\" style=\"font-size: 22px;\">Darsteller und T\u00e4nzer: selber getanzt und choreographiert<\/span><\/span><\/span><\/strong><\/p>\n<ul>\n<li><span style=\"font-family: Arial,Helvetica,sans-serif;\"><strong>Nacht der Kl\u00e4nge.<\/strong> Solo 30-min Show, dreimal dargestellt. Mit Stepptanzen, Live Loop Aufnahmen und Publikums Animation. Universit\u00e4t Bielefeld. 2013 &amp; 2014.<\/span><\/li>\n<li><span style=\"font-family: Arial,Helvetica,sans-serif;\"><strong>Four Fools of Rhythm Variet\u00e9 Concert<\/strong>, co-Choreograf und featured T\u00e4nzer.<\/span><br \/>\n<span style=\"font-family: Arial,Helvetica,sans-serif;\"> Die Tafelhalle, N\u00fcrnberg, Germany. 2001-2006.<\/span><\/li>\n<li><span style=\"font-family: Arial,Helvetica,sans-serif;\"><strong>Clara&#8217;s Dream: A Jazz-Tap Nutcracker<\/strong>, co-Choreograph und featured T\u00e4nzer, w\/ n.<\/span><br \/>\n<span style=\"font-family: Arial,Helvetica,sans-serif;\"> Touring Northeast US, November-December. 2000-2006.<\/span><\/li>\n<li><span style=\"font-family: Arial,Helvetica,sans-serif;\"><strong>San Antonio Symphony Orchestra.<\/strong> Partner-act, featured in &#8220;Steppin&#8217; Out&#8221; with conductor Michael Krajewski. Audiences of 2,000, standing ovations.<\/span><\/li>\n<li><span style=\"font-family: Arial,Helvetica,sans-serif;\"><strong>Houston Symphony Orchestra.<\/strong> Solo T\u00e4nzer und Physical Comedian in &#8220;March Madness&#8221; concert with conductor Michael Krajewski. Audience of 2,000. 2004.<\/span><\/li>\n<li><span style=\"font-family: Arial,Helvetica,sans-serif;\"><strong>New Mexico Symphony Orchestra.<\/strong> Partner-act, featured in &#8220;Steppin&#8217; Out&#8221; with<\/span><br \/>\n<span style=\"font-family: Arial,Helvetica,sans-serif;\"> conductor Michael Krajewski. Audience of 2,000, standing ovation. 2004<\/span><\/li>\n<li><span style=\"font-family: Arial,Helvetica,sans-serif;\"><strong>Jacksonville (Florida) Symphony Orchestra.<\/strong> Partner-act, featured in &#8220;Steppin&#8217; Out&#8221;<\/span><br \/>\n<span style=\"font-family: Arial,Helvetica,sans-serif;\"> with conductor Michael Krajewski. 2004. Audiences of 2,000, standing ovations.<\/span><\/li>\n<li><span style=\"font-family: Arial,Helvetica,sans-serif;\"><strong>&#8220;Vaudeville Follies: A Vaudeville in 9 Acts.&#8221; <\/strong>Moderator &amp; solo T\u00e4nzer- Komiker,<\/span><br \/>\n<span style=\"font-family: Arial,Helvetica,sans-serif;\"> with Bill Irwin and Fayard Nicholas. Music Hall, Portsmouth, NH. 2003.<\/span><br \/>\n<span style=\"font-family: Arial,Helvetica,sans-serif;\"> &#8211; &#8220;&#8230; with tap artist and comic genius Bob Thomas.&#8221;<em>.Wayne Self, Foundation for Art<\/em><\/span><\/li>\n<li><span style=\"font-family: Arial,Helvetica,sans-serif;\"><strong>Roots of American Dance, African-European Synthesis: 1850-1940<\/strong>.<\/span><br \/>\n<span style=\"font-family: Arial,Helvetica,sans-serif;\"> Continuously touring the eastern U.S. &amp; Canada. 400 shows, 1993-2007.<\/span><\/li>\n<li><span style=\"font-family: Arial,Helvetica,sans-serif;\"><strong>Yo-Yo Ma &amp; The NY-Buenos Aires Tango Connection<\/strong> Soloist, Argentine<\/span><br \/>\n<span style=\"font-family: Arial,Helvetica,sans-serif;\"> Tango style Tap Dance. 1998.<\/span><\/li>\n<li><span style=\"font-family: Arial,Helvetica,sans-serif;\"><strong>Boston Pops Orchestra<\/strong>, Fourth of July Esplanade concert w\/ Keith Lockhart. For a<\/span><br \/>\n<span style=\"font-family: Arial,Helvetica,sans-serif;\"> live audience of 325,000 people &amp; national TV. 1995.<\/span><\/li>\n<li><span style=\"font-family: Arial,Helvetica,sans-serif;\"><strong>Artie Shaw Orchestra Asian Tour.<\/strong> Performing in Taiwan and Hong Kong. 1994.<\/span><\/li>\n<li><span style=\"font-family: Arial,Helvetica,sans-serif;\"><strong>Boston Symphony Orchestra,<\/strong> Presidents&#8217; Dinner, dance show and teaching entertainment, Symphony Hall, Boston. 1990.<\/span><\/li>\n<li><span style=\"font-family: Arial,Helvetica,sans-serif;\"><strong>Newport Jazz Festival<\/strong>, Newport Casino, with Illinois Jacquet Big Band. 1988.<\/span><\/li>\n<\/ul>\n<p>&nbsp;<\/p>\n<p><strong><span style=\"font-family: Arial,Helvetica,sans-serif;\"><span id=\"inserted8856\" style=\"font-size: 26px;\"><span id=\"inserted3558\" style=\"font-size: 22px;\">Solo Darsteller und T\u00e4nzer: Originelle Solo Monolog, Mime und Tanz Shows<\/span><\/span><\/span><\/strong><\/p>\n<ul>\n<li><span style=\"font-family: Arial,Helvetica,sans-serif;\"><strong>EcCeNTRiciTy! Solo Monolog, Mime und Tanz Show.<\/strong> US &amp; Canada, 1997, 2001.<\/span><br \/>\n<span style=\"font-family: Arial,Helvetica,sans-serif;\"> &#8211; &#8220;A marvelous dancer and mime&#8230; a brilliant storyteller.&#8221; <em>Vue Magazine, Canada<\/em><\/span><br \/>\n<span style=\"font-family: Arial,Helvetica,sans-serif;\"> &#8211; &#8220;An appealing storyteller whose dancing recalls Steve Martin&#8221; <em>Orlando Sentinel<\/em><\/span><\/li>\n<li><span style=\"font-family: Arial,Helvetica,sans-serif;\"><strong>Economies of Life. Solo Monolog, Mime und Tanz Show.<\/strong> Canada 1998.<\/span><br \/>\n<span style=\"font-family: Arial,Helvetica,sans-serif;\"> &#8211; &#8220;Most moving performance I&#8217;ve ever seen. Ever.&#8221; -See Magazine<\/span><\/li>\n<li><span style=\"font-family: Arial,Helvetica,sans-serif;\"><strong>Love, Art &amp; Catfish. Solo Monolog und Tanz Show.<\/strong> US &amp; Canada 1995- 2005.<\/span><br \/>\n<span style=\"font-family: Arial,Helvetica,sans-serif;\"> &#8211; &#8220;A charming evocative one-man show.&#8221; <em>Orlando Sentinel.<\/em><\/span><\/li>\n<\/ul>\n<p>&nbsp;<\/p>\n<p><strong><span style=\"font-family: Arial,Helvetica,sans-serif;\"><span id=\"inserted8856\" style=\"font-size: 26px;\"><span id=\"inserted3558\" style=\"font-size: 22px;\">K\u00fcnstlerische Arbeit in Amerika: 1990-2008<\/span><\/span><\/span><\/strong><\/p>\n<ul>\n<li><a href=\"https:\/\/hostme123.vip\/archive_site\/\" target=\"_blank\" rel=\"noopener noreferrer\"><span style=\"font-family: Arial, Helvetica, sans-serif; font-size: 14pt;\"><strong>Bob e Thomas Archiv Webseite (USA)\u00a0<\/strong><\/span><\/a><\/li>\n<\/ul>\n","protected":false},"excerpt":{"rendered":"<p>Choreograf &#8211; Choreographer Musical Theater &#8211; Komplettchoreographie des Musicals &#8220;Anything Goes&#8221; &#8211; alle Tanzst\u00fccke &#8211;\u00a0 Boston College, Boston USA &#8220;On Your Toes&#8221; &#8211; alle Tanzst\u00fccke &#8211; Dean College, Boston USA St\u00fccke f\u00fcr gro\u00dfe Ensembles und Einzelchoreographien &#8220;Fantasie an die Freude&#8221; &#8211; Jahreskonzert Finale f\u00fcr 200 T\u00e4nzer, Komponist und Choreograph &#8211; Ballettschule Witte, Bad Oeynhausen. &#8220;Claras Dream: A Jazz Nutcracker&#8221; &#8211; Act I Finale, Solos &#8211; [&hellip;]<\/p>\n","protected":false},"author":1,"featured_media":0,"parent":346,"menu_order":0,"comment_status":"closed","ping_status":"closed","template":"","meta":{"om_disable_all_campaigns":false,"_monsterinsights_skip_tracking":false,"_monsterinsights_sitenote_active":false,"_monsterinsights_sitenote_note":"","_monsterinsights_sitenote_category":0,"footnotes":""},"aioseo_notices":[],"jetpack_sharing_enabled":true,"_links":{"self":[{"href":"https:\/\/bobethomas.com\/index.php?rest_route=\/wp\/v2\/pages\/138"}],"collection":[{"href":"https:\/\/bobethomas.com\/index.php?rest_route=\/wp\/v2\/pages"}],"about":[{"href":"https:\/\/bobethomas.com\/index.php?rest_route=\/wp\/v2\/types\/page"}],"author":[{"embeddable":true,"href":"https:\/\/bobethomas.com\/index.php?rest_route=\/wp\/v2\/users\/1"}],"replies":[{"embeddable":true,"href":"https:\/\/bobethomas.com\/index.php?rest_route=%2Fwp%2Fv2%2Fcomments&post=138"}],"version-history":[{"count":0,"href":"https:\/\/bobethomas.com\/index.php?rest_route=\/wp\/v2\/pages\/138\/revisions"}],"up":[{"embeddable":true,"href":"https:\/\/bobethomas.com\/index.php?rest_route=\/wp\/v2\/pages\/346"}],"wp:attachment":[{"href":"https:\/\/bobethomas.com\/index.php?rest_route=%2Fwp%2Fv2%2Fmedia&parent=138"}],"curies":[{"name":"wp","href":"https:\/\/api.w.org\/{rel}","templated":true}]}}